{"id":203,"date":"2017-05-31T20:31:20","date_gmt":"2017-05-31T18:31:20","guid":{"rendered":"https:\/\/www.dizzyred.com\/beispiel-seite\/"},"modified":"2017-09-21T14:14:19","modified_gmt":"2017-09-21T12:14:19","slug":"home","status":"publish","type":"page","link":"https:\/\/www.dizzyred.com\/en\/","title":{"rendered":"Home"},"content":{"rendered":"<p>[et_pb_section bb_built=&#8221;1&#8243; fullwidth=&#8221;on&#8221; specialty=&#8221;off&#8221;][et_pb_fullwidth_code _builder_version=&#8221;3.0.51&#8243;]\n\t\t\t\t<p class=\"rs-p-wp-fix\"><\/p>\n\t\t\t\t<sr7-module data-alias=\"home-en\" data-id=\"4\" id=\"SR7_4_1\" data-version=\"6.7.52\">\n\t\t\t\t\t<sr7-adjuster><\/sr7-adjuster>\n\t\t\t\t\t<sr7-content>\n\t\t\t\t\t\t<sr7-slide id=\"SR7_4_1-4\" data-key=\"4\">\n\t\t\t\t\t\t\t<h1 id=\"SR7_4_1-4-1\" class=\"sr7-layer\">Dizzyred Productions<\/h1>\n\t\t\t\t\t\t\t<sr7-txt id=\"SR7_4_1-4-3\" class=\"sr7-layer\"><i class=\"fa-arrow-right\"><\/i><\/sr7-txt>\n\t\t\t\t\t\t\t<h2 id=\"SR7_4_1-4-4\" class=\"sr7-layer\">Music and studio productions<\/h2>\n\t\t\t\t\t\t\t<h2 id=\"SR7_4_1-4-5\" class=\"sr7-layer\">Songwriting and Arrangements<\/h2>\n\t\t\t\t\t\t\t<h2 id=\"SR7_4_1-4-6\" class=\"sr7-layer\">Live Performance<\/h2>\n\t\t\t\t\t\t\t<h2 id=\"SR7_4_1-4-7\" class=\"sr7-layer\">Artist Development<\/h2>\n\t\t\t\t\t\t\t<sr7-txt id=\"SR7_4_1-4-8\" class=\"sr7-layer\"><i class=\"fa-arrow-right\"><\/i><\/sr7-txt>\n\t\t\t\t\t\t\t<sr7-txt id=\"SR7_4_1-4-9\" class=\"sr7-layer\"><i class=\"fa-arrow-right\"><\/i><\/sr7-txt>\n\t\t\t\t\t\t\t<sr7-txt id=\"SR7_4_1-4-10\" class=\"sr7-layer\"><i class=\"fa-arrow-right\"><\/i><\/sr7-txt>\n\t\t\t\t\t\t\t<sr7-txt id=\"SR7_4_1-4-11\" class=\"sr7-layer\"><i class=\"pe-7s-angle-down-circle\"><\/i><\/sr7-txt>\n\t\t\t\t\t\t<\/sr7-slide>\n\t\t\t\t\t\t<sr7-slide id=\"SR7_4_1-7\" data-key=\"7\">\n\t\t\t\t\t\t<\/sr7-slide>\n\t\t\t\t\t<\/sr7-content>\n\t\t\t\t<\/sr7-module>\n\t\t\t\t<script>\n\t\t\t\t\twindow.SR7 ??={};SR7.PMH ??={}; SR7.PMH[\"SR7_4_1\"] = {cn:100,state:false,fn: function() { if (window._tpt!==undefined && window._tpt.prepareModuleHeight !== undefined) {  _tpt.prepareModuleHeight({id:\"SR7_4_1\",el:[860,700,960,720],type:'standard',shdw:'0',gh:[860,700,960,720],gw:[1440,1024,778,480],vpt:['-200px'],size:{fullWidth:false, fullHeight:false},mh:'0',onh:0,onw:0,bg:{color:'#000000',image:{src:'',size:'cover',position:'center center',repeat:'no-repeat'}},plType:'0',plColor:'#FFFFFF'});   SR7.PMH[\"SR7_4_1\"].state=true;} else if(SR7.PMH[\"SR7_4_1\"].cn-->0)\tsetTimeout( SR7.PMH[\"SR7_4_1\"].fn,19);}};SR7.PMH[\"SR7_4_1\" ].fn();\n\t\t\t\t<\/script>\n[\/et_pb_fullwidth_code][\/et_pb_section][et_pb_section bb_built=&#8221;1&#8243; fullwidth=&#8221;off&#8221; specialty=&#8221;off&#8221; _builder_version=&#8221;3.0.51&#8243; background_color=&#8221;#000000&#8243; custom_padding=&#8221;0px|0px|0px|0px&#8221; module_id=&#8221;home&#8221;][et_pb_row _builder_version=&#8221;3.0.51&#8243; background_position_1=&#8221;top_left&#8221; background_repeat_1=&#8221;no-repeat&#8221; background_position_2=&#8221;top_left&#8221; background_repeat_2=&#8221;no-repeat&#8221; make_fullwidth=&#8221;on&#8221; use_custom_gutter=&#8221;on&#8221; gutter_width=&#8221;1&#8243; make_equal=&#8221;on&#8221; padding_top_2=&#8221;30px&#8221; padding_right_2=&#8221;30px&#8221; padding_bottom_2=&#8221;30px&#8221; padding_left_2=&#8221;30px&#8221; custom_margin=&#8221;0px|0px|0px|0px&#8221; custom_padding=&#8221;0px|0px|0px|0px&#8221; padding_top_1=&#8221;0px&#8221; padding_right_1=&#8221;0px&#8221; padding_bottom_1=&#8221;0px&#8221; padding_left_1=&#8221;0px&#8221;][et_pb_column type=&#8221;1_2&#8243;][et_pb_image _builder_version=&#8221;3.0.75&#8243; src=&#8221;https:\/\/www.dizzyred.com\/wp-content\/uploads\/2017\/05\/pat_02.jpg&#8221; show_in_lightbox=&#8221;off&#8221; url_new_window=&#8221;off&#8221; use_overlay=&#8221;off&#8221; sticky=&#8221;off&#8221; align=&#8221;left&#8221; always_center_on_mobile=&#8221;on&#8221; border_style=&#8221;solid&#8221; force_fullwidth=&#8221;off&#8221; animation_duration=&#8221;500ms&#8221; animation_intensity_slide=&#8221;10%&#8221; animation_direction=&#8221;left&#8221; show_bottom_space=&#8221;on&#8221; \/][\/et_pb_column][et_pb_column type=&#8221;1_2&#8243;][et_pb_text _builder_version=&#8221;3.0.75&#8243; background_layout=&#8221;dark&#8221; text_orientation=&#8221;left&#8221; border_style=&#8221;solid&#8221; module_alignment=&#8221;left&#8221;]<\/p>\n<p>Just to give you an idea of who you\u2019re visiting with here, allow me to tell you a little bit about myself.<\/p>\n<p>My name is Pat Anthony. I make music, I\u2019m a musician. No, I\u2019m a Creator of Music!\u00a0Music\u2026This one word that takes on a whole new meaning, a whole life, a whole world of it\u2019s own.\u00a0There are musicians, singers, sound engineers and songwriters. Some who work on stage,\u00a0and others who are working hard behind the scenes. I\u2019m from both of these worlds. I\u2019m fascinated by the whole process of making a production, writing a song, spending hours alone, or with an artist testing out ideas. Searching for that perfect melody or lyric line. Nothing is more exciting to me than to see and hear the end results of hard work coming to fruition. It\u2019s like a light that shines through the dark.<\/p>\n<p>That light, that awkward stillness before you make your first sound on stage, it all disappears so quickly once you feel the audience getting swept away with you. Their final applause melts all the tensions and doubts away, It\u2019s at that moment when you know that all you\u2019ve worked so hard for has finally arrived!\u00a0It\u2019s not only all work for me, I\u2019m very comfortable in the studio, I enjoy search and discover process, this side of creativity always enriches me.<\/p>\n<p>Music is what I do, and all that I ever wanted to do. Music is my life.\u00a0Do you feel that way too? Shall we give it a try? Or do you already have a finished idea that you\u2019d like to work on? I look forward to getting to know more about you &amp; your music world. Give me a call and let\u2019s take an adventure in creating great music together!<\/p>\n<p><strong>Let\u2019s make it simply wonderful!<\/strong><\/p>\n<p>[\/et_pb_text][\/et_pb_column][\/et_pb_row][\/et_pb_section]<\/p>\n","protected":false},"excerpt":{"rendered":"<p>\n\t\t\t\t<p class=\"rs-p-wp-fix\"><\/p>\n\t\t\t\t<sr7-module data-alias=\"home-en\" data-id=\"4\" id=\"SR7_4_2\" data-version=\"6.7.52\">\n\t\t\t\t\t<sr7-adjuster><\/sr7-adjuster>\n\t\t\t\t\t<sr7-content>\n\t\t\t\t\t\t<sr7-slide id=\"SR7_4_2-4\" data-key=\"4\">\n\t\t\t\t\t\t\t<h1 id=\"SR7_4_2-4-1\" class=\"sr7-layer\">Dizzyred Productions<\/h1>\n\t\t\t\t\t\t\t<sr7-txt id=\"SR7_4_2-4-3\" class=\"sr7-layer\"><i class=\"fa-arrow-right\"><\/i><\/sr7-txt>\n\t\t\t\t\t\t\t<h2 id=\"SR7_4_2-4-4\" class=\"sr7-layer\">Music and studio productions<\/h2>\n\t\t\t\t\t\t\t<h2 id=\"SR7_4_2-4-5\" class=\"sr7-layer\">Songwriting and Arrangements<\/h2>\n\t\t\t\t\t\t\t<h2 id=\"SR7_4_2-4-6\" class=\"sr7-layer\">Live Performance<\/h2>\n\t\t\t\t\t\t\t<h2 id=\"SR7_4_2-4-7\" class=\"sr7-layer\">Artist Development<\/h2>\n\t\t\t\t\t\t\t<sr7-txt id=\"SR7_4_2-4-8\" class=\"sr7-layer\"><i class=\"fa-arrow-right\"><\/i><\/sr7-txt>\n\t\t\t\t\t\t\t<sr7-txt id=\"SR7_4_2-4-9\" class=\"sr7-layer\"><i class=\"fa-arrow-right\"><\/i><\/sr7-txt>\n\t\t\t\t\t\t\t<sr7-txt id=\"SR7_4_2-4-10\" class=\"sr7-layer\"><i class=\"fa-arrow-right\"><\/i><\/sr7-txt>\n\t\t\t\t\t\t\t<sr7-txt id=\"SR7_4_2-4-11\" class=\"sr7-layer\"><i class=\"pe-7s-angle-down-circle\"><\/i><\/sr7-txt>\n\t\t\t\t\t\t<\/sr7-slide>\n\t\t\t\t\t\t<sr7-slide id=\"SR7_4_2-7\" data-key=\"7\">\n\t\t\t\t\t\t<\/sr7-slide>\n\t\t\t\t\t<\/sr7-content>\n\t\t\t\t<\/sr7-module>\n\t\t\t\t<script>\n\t\t\t\t\twindow.SR7 ??={};SR7.PMH ??={}; SR7.PMH[\"SR7_4_2\"] = {cn:100,state:false,fn: function() { if (window._tpt!==undefined && window._tpt.prepareModuleHeight !== undefined) {  _tpt.prepareModuleHeight({id:\"SR7_4_2\",el:[860,700,960,720],type:'standard',shdw:'0',gh:[860,700,960,720],gw:[1440,1024,778,480],vpt:['-200px'],size:{fullWidth:false, fullHeight:false},mh:'0',onh:0,onw:0,bg:{color:'#000000',image:{src:'',size:'cover',position:'center center',repeat:'no-repeat'}},plType:'0',plColor:'#FFFFFF'});   SR7.PMH[\"SR7_4_2\"].state=true;} else if(SR7.PMH[\"SR7_4_2\"].cn-->0)\tsetTimeout( SR7.PMH[\"SR7_4_2\"].fn,19);}};SR7.PMH[\"SR7_4_2\" ].fn();\n\t\t\t\t<\/script>\n Just to give you an idea of who you\u2019re visiting with here, allow me to tell you a little bit about myself. My name is Pat Anthony. I make music, I\u2019m a musician. No, I\u2019m a Creator of Music!\u00a0Music\u2026This one word that takes on a whole new meaning, a whole life, a whole [&hellip;]<\/p>\n","protected":false},"author":1,"featured_media":0,"parent":0,"menu_order":0,"comment_status":"closed","ping_status":"open","template":"","meta":{"_et_pb_use_builder":"on","_et_pb_old_content":"<p>Dies ist eine Beispiel-Seite. Sie unterscheidet sich von Beitr\u00e4gen, da sie stets an der selben Stelle bleibt und (bei den meisten Themes) in der Navigation angezeigt wird. Die meisten Leute starten mit einem Impressum oder einer \u201e\u00dcber uns\u201c-Seite mit einer Vorstellung f\u00fcr m\u00f6gliche Besucher der Website. Dort k\u00f6nnte zum Beispiel stehen:<\/p><blockquote><p>Hallo! Tags\u00fcber arbeite ich als Fahrradkurier, nachts bin ich ein aufstrebender Schauspieler und dies hier ist meine Website. Ich lebe in Berlin, habe einen gro\u00dfen Hund namens Jack, mag die Fantastischen Vier und ein k\u00fchles Bier.<\/p><\/blockquote><p>...oder sowas wie:<\/p><blockquote><p>Unsere Firma XYZ wurde 1971 gegr\u00fcndet und hat seither eine Menge hochqualitativen ABC f\u00fcr die \u00d6ffentlichkeit produziert. Ans\u00e4ssig in Gotham City, hat XYZ mittlerweile \u00fcber 2,000 Mitarbeiter und entwickelt immer wieder gro\u00dfartige Dinge f\u00fcr die ganze Gotham Gemeinschaft.<\/p><\/blockquote><p>Als neuer WordPress-Nutzer solltest du das <a href=\"https:\/\/www.dizzyred.com\/wp-admin\/\">Dashboard<\/a> aufrufen, um diese Seite zu l\u00f6schen und statt dessen eine neue Seite mit deinen eigenen Inhalten erstellen. Viel Spa\u00df!<\/p>","_et_gb_content_width":"","footnotes":""},"class_list":["post-203","page","type-page","status-publish","hentry"],"yoast_head":"<!-- This site is optimized with the Yoast SEO plugin v27.3 - https:\/\/yoast.com\/product\/yoast-seo-wordpress\/ -->\n<title>DIZZYRED Productions - Music &amp; studies Songwriting Artist Development<\/title>\n<meta name=\"description\" content=\"Pat Anthony - DIZZYRED Productions Music and studies Songwriting and Arrangements Live Performance Artist Development Let\u2019s make it simply wonderful!\" \/>\n<meta name=\"robots\" content=\"index, follow, max-snippet:-1, max-image-preview:large, max-video-preview:-1\" \/>\n<link rel=\"canonical\" href=\"https:\/\/www.dizzyred.com\/en\/\" \/>\n<meta property=\"og:locale\" content=\"en_US\" \/>\n<meta property=\"og:type\" content=\"article\" \/>\n<meta property=\"og:title\" content=\"DIZZYRED Productions - Music &amp; studies Songwriting Artist Development\" \/>\n<meta property=\"og:description\" content=\"Pat Anthony - DIZZYRED Productions Music and studies Songwriting and Arrangements Live Performance Artist Development Let\u2019s make it simply wonderful!\" \/>\n<meta property=\"og:url\" content=\"https:\/\/www.dizzyred.com\/en\/\" \/>\n<meta property=\"og:site_name\" content=\"DIZZYRED Productions\" \/>\n<meta property=\"article:publisher\" content=\"https:\/\/www.facebook.com\/dizzyredproductions\/\" \/>\n<meta property=\"article:modified_time\" content=\"2017-09-21T12:14:19+00:00\" \/>\n<meta name=\"twitter:card\" content=\"summary_large_image\" \/>\n<meta name=\"twitter:label1\" content=\"Est. reading time\" \/>\n\t<meta name=\"twitter:data1\" content=\"3 minutes\" \/>\n<script type=\"application\/ld+json\" class=\"yoast-schema-graph\">{\"@context\":\"https:\\\/\\\/schema.org\",\"@graph\":[{\"@type\":\"WebPage\",\"@id\":\"https:\\\/\\\/www.dizzyred.com\\\/en\\\/\",\"url\":\"https:\\\/\\\/www.dizzyred.com\\\/en\\\/\",\"name\":\"DIZZYRED Productions - Music & studies Songwriting Artist Development\",\"isPartOf\":{\"@id\":\"https:\\\/\\\/www.dizzyred.com\\\/#website\"},\"datePublished\":\"2017-05-31T18:31:20+00:00\",\"dateModified\":\"2017-09-21T12:14:19+00:00\",\"description\":\"Pat Anthony - DIZZYRED Productions Music and studies Songwriting and Arrangements Live Performance Artist Development Let\u2019s make it simply wonderful!\",\"breadcrumb\":{\"@id\":\"https:\\\/\\\/www.dizzyred.com\\\/en\\\/#breadcrumb\"},\"inLanguage\":\"en-US\",\"potentialAction\":[{\"@type\":\"ReadAction\",\"target\":[\"https:\\\/\\\/www.dizzyred.com\\\/en\\\/\"]}]},{\"@type\":\"BreadcrumbList\",\"@id\":\"https:\\\/\\\/www.dizzyred.com\\\/en\\\/#breadcrumb\",\"itemListElement\":[{\"@type\":\"ListItem\",\"position\":1,\"name\":\"Startseite\",\"item\":\"https:\\\/\\\/www.dizzyred.com\\\/en\\\/\"},{\"@type\":\"ListItem\",\"position\":2,\"name\":\"Home\"}]},{\"@type\":\"WebSite\",\"@id\":\"https:\\\/\\\/www.dizzyred.com\\\/#website\",\"url\":\"https:\\\/\\\/www.dizzyred.com\\\/\",\"name\":\"DIZZYRED Productions\",\"description\":\"Musik- und Studioproduktionen\",\"potentialAction\":[{\"@type\":\"SearchAction\",\"target\":{\"@type\":\"EntryPoint\",\"urlTemplate\":\"https:\\\/\\\/www.dizzyred.com\\\/?s={search_term_string}\"},\"query-input\":{\"@type\":\"PropertyValueSpecification\",\"valueRequired\":true,\"valueName\":\"search_term_string\"}}],\"inLanguage\":\"en-US\"}]}<\/script>\n<!-- \/ Yoast SEO plugin. -->","yoast_head_json":{"title":"DIZZYRED Productions - Music & studies Songwriting Artist Development","description":"Pat Anthony - DIZZYRED Productions Music and studies Songwriting and Arrangements Live Performance Artist Development Let\u2019s make it simply wonderful!","robots":{"index":"index","follow":"follow","max-snippet":"max-snippet:-1","max-image-preview":"max-image-preview:large","max-video-preview":"max-video-preview:-1"},"canonical":"https:\/\/www.dizzyred.com\/en\/","og_locale":"en_US","og_type":"article","og_title":"DIZZYRED Productions - Music & studies Songwriting Artist Development","og_description":"Pat Anthony - DIZZYRED Productions Music and studies Songwriting and Arrangements Live Performance Artist Development Let\u2019s make it simply wonderful!","og_url":"https:\/\/www.dizzyred.com\/en\/","og_site_name":"DIZZYRED Productions","article_publisher":"https:\/\/www.facebook.com\/dizzyredproductions\/","article_modified_time":"2017-09-21T12:14:19+00:00","twitter_card":"summary_large_image","twitter_misc":{"Est. reading time":"3 minutes"},"schema":{"@context":"https:\/\/schema.org","@graph":[{"@type":"WebPage","@id":"https:\/\/www.dizzyred.com\/en\/","url":"https:\/\/www.dizzyred.com\/en\/","name":"DIZZYRED Productions - Music & studies Songwriting Artist Development","isPartOf":{"@id":"https:\/\/www.dizzyred.com\/#website"},"datePublished":"2017-05-31T18:31:20+00:00","dateModified":"2017-09-21T12:14:19+00:00","description":"Pat Anthony - DIZZYRED Productions Music and studies Songwriting and Arrangements Live Performance Artist Development Let\u2019s make it simply wonderful!","breadcrumb":{"@id":"https:\/\/www.dizzyred.com\/en\/#breadcrumb"},"inLanguage":"en-US","potentialAction":[{"@type":"ReadAction","target":["https:\/\/www.dizzyred.com\/en\/"]}]},{"@type":"BreadcrumbList","@id":"https:\/\/www.dizzyred.com\/en\/#breadcrumb","itemListElement":[{"@type":"ListItem","position":1,"name":"Startseite","item":"https:\/\/www.dizzyred.com\/en\/"},{"@type":"ListItem","position":2,"name":"Home"}]},{"@type":"WebSite","@id":"https:\/\/www.dizzyred.com\/#website","url":"https:\/\/www.dizzyred.com\/","name":"DIZZYRED Productions","description":"Musik- und Studioproduktionen","potentialAction":[{"@type":"SearchAction","target":{"@type":"EntryPoint","urlTemplate":"https:\/\/www.dizzyred.com\/?s={search_term_string}"},"query-input":{"@type":"PropertyValueSpecification","valueRequired":true,"valueName":"search_term_string"}}],"inLanguage":"en-US"}]}},"_links":{"self":[{"href":"https:\/\/www.dizzyred.com\/en\/wp-json\/wp\/v2\/pages\/203","targetHints":{"allow":["GET"]}}],"collection":[{"href":"https:\/\/www.dizzyred.com\/en\/wp-json\/wp\/v2\/pages"}],"about":[{"href":"https:\/\/www.dizzyred.com\/en\/wp-json\/wp\/v2\/types\/page"}],"author":[{"embeddable":true,"href":"https:\/\/www.dizzyred.com\/en\/wp-json\/wp\/v2\/users\/1"}],"replies":[{"embeddable":true,"href":"https:\/\/www.dizzyred.com\/en\/wp-json\/wp\/v2\/comments?post=203"}],"version-history":[{"count":4,"href":"https:\/\/www.dizzyred.com\/en\/wp-json\/wp\/v2\/pages\/203\/revisions"}],"predecessor-version":[{"id":276,"href":"https:\/\/www.dizzyred.com\/en\/wp-json\/wp\/v2\/pages\/203\/revisions\/276"}],"wp:attachment":[{"href":"https:\/\/www.dizzyred.com\/en\/wp-json\/wp\/v2\/media?parent=203"}],"curies":[{"name":"wp","href":"https:\/\/api.w.org\/{rel}","templated":true}]}}